{"id":43,"date":"2020-11-02T22:03:02","date_gmt":"2020-11-02T21:03:02","guid":{"rendered":"https:\/\/zegarmis.webd.pro\/?page_id=43"},"modified":"2021-02-20T12:23:30","modified_gmt":"2021-02-20T11:23:30","slug":"o-nas","status":"publish","type":"page","link":"https:\/\/kwadrans.szczecin.pl\/?page_id=43","title":{"rendered":"O NAS"},"content":{"rendered":"\n<div class=\"wp-block-image\"><figure class=\"aligncenter size-large is-resized\"><img loading=\"lazy\" decoding=\"async\" src=\"https:\/\/kwadrans.szczecin.pl\/wp-content\/uploads\/2021\/02\/KWADRANS-LOGO-1-1024x1024.jpg\" alt=\"\" class=\"wp-image-314\" width=\"443\" height=\"443\" srcset=\"https:\/\/kwadrans.szczecin.pl\/wp-content\/uploads\/2021\/02\/KWADRANS-LOGO-1-1024x1024.jpg 1024w, https:\/\/kwadrans.szczecin.pl\/wp-content\/uploads\/2021\/02\/KWADRANS-LOGO-1-300x300.jpg 300w, https:\/\/kwadrans.szczecin.pl\/wp-content\/uploads\/2021\/02\/KWADRANS-LOGO-1-150x150.jpg 150w, https:\/\/kwadrans.szczecin.pl\/wp-content\/uploads\/2021\/02\/KWADRANS-LOGO-1-768x768.jpg 768w, https:\/\/kwadrans.szczecin.pl\/wp-content\/uploads\/2021\/02\/KWADRANS-LOGO-1-1536x1536.jpg 1536w, https:\/\/kwadrans.szczecin.pl\/wp-content\/uploads\/2021\/02\/KWADRANS-LOGO-1-2048x2048.jpg 2048w, https:\/\/kwadrans.szczecin.pl\/wp-content\/uploads\/2021\/02\/KWADRANS-LOGO-1-510x510.jpg 510w\" sizes=\"(max-width: 443px) 100vw, 443px\" \/><\/figure><\/div>\n\n\n\n<p class=\"has-text-align-center\">Historia firmy<strong> Kwadrans<\/strong> si\u0119ga roku 1972, kiedy to <strong>Jerzy W\u0119glarczyk<\/strong> podj\u0105\u0142 nauk\u0119 w zawodzie zegarmistrza. Od 1976 do 1990 roku rozwija\u0142 swoje umiej\u0119tno\u015bci w zak\u0142adzie, gdzie wyuczy\u0142 si\u0119 zawodu.<br> Nabyte do\u015bwiadczenie i umiej\u0119tno\u015bci sk\u0142oni\u0142y Jerzego, do podj\u0119cia decyzji o za\u0142o\u017ceniu w\u0142asnej firmy. W 1991r. za\u0142o\u017cony zostaje zak\u0142ad zegarmistrzowski <strong>KWADRANS<\/strong>. Od tego momentu, do dzisiaj, g\u0142\u00f3wn\u0105 siedzib\u0105 firmy jest punkt na C.H.U. Manhattan, pawilon 44D. W 2000r. pr\u0119\u017cnie rozwijaj\u0105ce si\u0119 przedsi\u0119biorstwo otwiera fili\u0119 na Rynku Pogodno. W tym samym czasie do za\u0142ogi <strong>KWADRAN<\/strong>S, do\u0142\u0105czaj\u0105 synowie Jerzego W\u0119glarczyka. Od tego czasu niewielkie rodzinne przedsi\u0119biorstwo umacnia swoj\u0105 pozycj\u0119 w Szczecinie. <br>Mi\u0142a atmosfera, \u017cyczliwa i kompetentna obs\u0142uga to co\u015b co wyr\u00f3\u017cnia firm\u0119 <strong>KWADRANS<\/strong> spo\u015br\u00f3d konkurencji. <\/p>\n\n\n\n<p><\/p>\n\n\n\n<p class=\"has-text-align-center\"><\/p>\n","protected":false},"excerpt":{"rendered":"<p>Historia firmy Kwadrans si\u0119ga roku 1972, kiedy to Jerzy W\u0119glarczyk podj\u0105\u0142 nauk\u0119 w zawodzie zegarmistrza. Od 1976 do 1990 roku rozwija\u0142 swoje umiej\u0119tno\u015bci w zak\u0142adzie, gdzie wyuczy\u0142 si\u0119 zawodu. Nabyte do\u015bwiadczenie i umiej\u0119tno\u015bci sk\u0142oni\u0142y Jerzego, do podj\u0119cia decyzji o za\u0142o\u017ceniu w\u0142asnej firmy. W 1991r. za\u0142o\u017cony zostaje zak\u0142ad zegarmistrzowski KWADRANS. Od tego momentu, do dzisiaj, g\u0142\u00f3wn\u0105 [&hellip;]<\/p>\n","protected":false},"author":1,"featured_media":0,"parent":0,"menu_order":0,"comment_status":"closed","ping_status":"closed","template":"","meta":{"footnotes":""},"class_list":["post-43","page","type-page","status-publish","czr-hentry"],"_links":{"self":[{"href":"https:\/\/kwadrans.szczecin.pl\/index.php?rest_route=\/wp\/v2\/pages\/43"}],"collection":[{"href":"https:\/\/kwadrans.szczecin.pl\/index.php?rest_route=\/wp\/v2\/pages"}],"about":[{"href":"https:\/\/kwadrans.szczecin.pl\/index.php?rest_route=\/wp\/v2\/types\/page"}],"author":[{"embeddable":true,"href":"https:\/\/kwadrans.szczecin.pl\/index.php?rest_route=\/wp\/v2\/users\/1"}],"replies":[{"embeddable":true,"href":"https:\/\/kwadrans.szczecin.pl\/index.php?rest_route=%2Fwp%2Fv2%2Fcomments&post=43"}],"version-history":[{"count":7,"href":"https:\/\/kwadrans.szczecin.pl\/index.php?rest_route=\/wp\/v2\/pages\/43\/revisions"}],"predecessor-version":[{"id":321,"href":"https:\/\/kwadrans.szczecin.pl\/index.php?rest_route=\/wp\/v2\/pages\/43\/revisions\/321"}],"wp:attachment":[{"href":"https:\/\/kwadrans.szczecin.pl\/index.php?rest_route=%2Fwp%2Fv2%2Fmedia&parent=43"}],"curies":[{"name":"wp","href":"https:\/\/api.w.org\/{rel}","templated":true}]}}