{"id":37,"date":"2020-11-02T22:02:25","date_gmt":"2020-11-02T21:02:25","guid":{"rendered":"https:\/\/zegarmis.webd.pro\/?page_id=37"},"modified":"2025-02-28T11:30:50","modified_gmt":"2025-02-28T10:30:50","slug":"cennik","status":"publish","type":"page","link":"https:\/\/kwadrans.szczecin.pl\/?page_id=37","title":{"rendered":"CENNIK"},"content":{"rendered":"<table style=\"height: 3611px;\" width=\"790\">\n<tbody>\n<tr>\n<td width=\"25\">\n<p>1<\/p>\n<\/td>\n<td width=\"527\">\n<p><strong>Wymiana baterii w zegarku lub akumulator\/kondensator<\/strong><br \/>w zale\u017cno\u015bci od typu baterii oraz mocowania dekla<\/p>\n<\/td>\n<td width=\"192\">\n<p><strong>Od 20z\u0142 do 200z\u0142<\/strong><\/p>\n<\/td>\n<\/tr>\n<tr>\n<td width=\"25\">\n<p>2<\/p>\n<\/td>\n<td width=\"527\">\n<p><strong>Wymiana szk\u0142a mineralnego grubo\u015b\u0107 1.0 standard<\/strong><br \/>w zale\u017cno\u015bci od kszta\u0142tu rozmiaru i grubo\u015bci<\/p>\n<\/td>\n<td width=\"192\">\n<p><strong>Od 30z\u0142 do 50z\u0142<\/strong><\/p>\n<\/td>\n<\/tr>\n<tr>\n<td width=\"25\">\n<p>3<\/p>\n<\/td>\n<td width=\"527\">\n<p><strong>Wymiana szk\u0142a mineralnego grubo\u015b\u0107 1.5 &#8211; 2.0<\/strong><\/p>\n<\/td>\n<td width=\"192\">\n<p><strong>Od 35z\u0142 do 150z\u0142<\/strong><\/p>\n<\/td>\n<\/tr>\n<tr>\n<td width=\"25\">\n<p>4<\/p>\n<\/td>\n<td width=\"527\">\n<p><strong>Wymiana szk\u0142a mineralnego grubo\u015b\u0107<\/strong> <strong>2.5 &#8211; 3.5<\/strong><\/p>\n<\/td>\n<td width=\"192\">\n<p><strong>Od 50 do 200z\u0142<\/strong><\/p>\n<\/td>\n<\/tr>\n<tr>\n<td width=\"25\">\n<p>5<\/p>\n<\/td>\n<td width=\"527\">\n<p><strong>Wymiana szk\u0142a plexi<\/strong><br \/>w zale\u017cno\u015bci typu szk\u0142a \u2013 z ramk\u0105 \/\u00a0 bez ramki<\/p>\n<\/td>\n<td width=\"192\">\n<p><strong>Od 30z\u0142 do 90z\u0142<br \/>Orient od 70z\u0142<br \/>Z ramk\u0105 od 60z\u0142<\/strong><\/p>\n<\/td>\n<\/tr>\n<tr>\n<td width=\"25\">\n<p>6<\/p>\n<\/td>\n<td width=\"527\">\n<p><strong>Wymiana teleskopu stalowego<\/strong><br \/>w zale\u017cno\u015bci od szeroko\u015bci oraz grubo\u015bci teleskopu<\/p>\n<\/td>\n<td width=\"192\">\n<p><strong>Od 12z\u0142 do 30z\u0142<\/strong><\/p>\n<\/td>\n<\/tr>\n<tr>\n<td width=\"25\">\n<p>7<\/p>\n<\/td>\n<td width=\"527\">\n<p><strong>Skr\u00f3cenie bransolety w zegarku<\/strong><br \/>cena z jednej strony w zale\u017cno\u015bci od mocowania ogniw<\/p>\n<\/td>\n<td width=\"192\">\n<p><strong>Od 10z\u0142 do 50z\u0142<\/strong><\/p>\n<\/td>\n<\/tr>\n<tr>\n<td width=\"25\">\n<p>8<\/p>\n<\/td>\n<td width=\"527\">\n<p><strong>Skr\u00f3cenie bransolety ceramicznej, drewnianej lub z tworzywa<\/strong><br \/>cena z jednej strony\u00a0 w zale\u017cno\u015bci od mocowania ogniw<\/p>\n<\/td>\n<td width=\"192\">\n<p><strong>Od 15z\u0142 do 50z\u0142<\/strong><\/p>\n<\/td>\n<\/tr>\n<tr>\n<td width=\"25\">\n<p>9<\/p>\n<\/td>\n<td width=\"527\">\n<p><strong>Zamkni\u0119cie zegarka na prasie zegarmistrzowskiej<\/strong><br \/>w zale\u017cno\u015bci od typu zamkni\u0119cia oraz szk\u0142a<\/p>\n<\/td>\n<td width=\"192\">\n<p><strong>Od 10z\u0142 do 50z\u0142<\/strong><\/p>\n<\/td>\n<\/tr>\n<tr>\n<td width=\"25\">\n<p>10<\/p>\n<\/td>\n<td width=\"527\">\n<p><strong>Wymiana koronki w zegarku<\/strong><br \/>w zale\u017cno\u015bci od typu tulei oraz uszczelnienia<\/p>\n<\/td>\n<td width=\"192\">\n<p><strong>Od 35z\u0142 do 150z\u0142<\/strong><\/p>\n<\/td>\n<\/tr>\n<tr>\n<td width=\"25\">\n<p>11<\/p>\n<\/td>\n<td width=\"527\">\n<p><strong>Za\u0142o\u017cenie Paska lub Bransolety<\/strong> <br \/>pasek lub bransoleta klienta w zale\u017cno\u015bci od mocowania<\/p>\n<\/td>\n<td width=\"192\">\n<p><strong>Od 5z\u0142 do 50z\u0142 <\/strong><\/p>\n<\/td>\n<\/tr>\n<tr>\n<td width=\"25\">\n<p>12<\/p>\n<\/td>\n<td width=\"527\">\n<p><strong>Za\u0142o\u017cenie wskaz\u00f3wek lub sekundnika w zegarku \u2013 budziku<\/strong>.<br \/>w zale\u017cno\u015bci od dostania si\u0119 do wskaz\u00f3wek &#8211; sekundnika<\/p>\n<\/td>\n<td width=\"192\">\n<p><strong>Od 10z\u0142 do 50z\u0142<\/strong><\/p>\n<\/td>\n<\/tr>\n<tr>\n<td width=\"25\">\n<p>13<\/p>\n<\/td>\n<td width=\"527\">\n<p><strong>\u015arubka do okular\u00f3w 1szt.<\/strong><br \/>\u015brubka &#8211; nakr\u0119tka \u2013 podk\u0142adka w zale\u017cno\u015bci od typu cena za sztuk\u0119<\/p>\n<\/td>\n<td width=\"192\">\n<p><strong>Od 5z\u0142 do 10z\u0142<\/strong><\/p>\n<\/td>\n<\/tr>\n<tr>\n<td width=\"25\">\n<p>14<\/p>\n<\/td>\n<td width=\"527\">\n<p><strong>Naprawa zegarka kwarcowego bez kalendarza KLASA I<\/strong><br \/>bez kalendarza (Na mechanizmie MIYOTA,\u00a0 SHI-SHIOJIRI ITP. )<br \/><strong>Naprawa zegarka kwarcowego z datownikiem \/ multidata<\/strong> <br \/>(Q&amp;Q, Omax, Perfect, Pacific, Timemaster, Casio, itd)<\/p>\n<\/td>\n<td width=\"192\">\n<p><strong>Od 60z\u0142 do 300z\u0142<\/strong><\/p>\n<p><strong><br \/>Od 80z\u0142 do 600z\u0142<\/strong><\/p>\n<\/td>\n<\/tr>\n<tr>\n<td width=\"25\">\n<p>15<\/p>\n<\/td>\n<td width=\"527\">\n<p><strong>Naprawa zegarka kwarcowego bez kalendarza KLASA II<\/strong><br \/>bez kalendarza ( Na mechanizmie ETA, Ronda, ISA, )<\/p>\n<p><strong>Naprawa zegarka kwarcowego z datownikiem \/ multidata<\/strong><\/p>\n<p>(Atlantic, Delbana, Pallas, Doxa, Adriatca, Tissot, Roamer Lanco, Casio itd)<\/p>\n<\/td>\n<td width=\"192\">\n<p><strong>Od 140z\u0142 do 800z\u0142<\/strong><\/p>\n<p><strong>\u00a0<\/strong><\/p>\n<p><strong>Od 180z\u0142 do 1000z\u0142<\/strong><\/p>\n<\/td>\n<\/tr>\n<tr>\n<td width=\"25\">\n<p>16<\/p>\n<\/td>\n<td width=\"527\">\n<p><strong>Naprawa zegarka kwarcowego KLASA III<\/strong><br \/>\u00a0z datownikiem i bez datownika ( Na mechanizmie patentowym, )<\/p>\n<p>(Omega, Longines, Zenith, Rolex, Schafhausen, Patek Philip itp.)<\/p>\n<\/td>\n<td width=\"192\">\n<p><strong>Od 300z\u0142*<br \/><\/strong><strong>cena do uzgodnienia z klientem<\/strong><\/p>\n<\/td>\n<\/tr>\n<tr>\n<td width=\"25\">\n<p>17<\/p>\n<\/td>\n<td width=\"527\">\n<p><strong>Naprawa zegarka mechanicznego \u2013 KLASA I<\/strong><br \/>nakr\u0119cany r\u0119cznie (Slava, Zaria, Czajka \u2013 popularne)<\/p>\n<p><strong>Naprawa zegarka mechanicznego z datownikiem<\/strong><br \/><strong>nakr\u0119cany r\u0119cznie z datownikiem pojedynczym\u00a0<\/strong> (Slava, Zaria, Czajka \u2013 popularne)<br \/><strong>Naprawa zegarka mechanicznego z\u00a0 podw\u00f3jnym datownikiem<\/strong><br \/><strong>nakr\u0119cany r\u0119cznie z datownikiem podw\u00f3jnym<\/strong>\u00a0 (Slava, Zaria, Czajka \u2013 popularne)<br \/><strong>Naprawa zegarka mechanicznego z naci\u0105giem automatycznym bez kal. <\/strong>\u00a0<br \/>\u00a0( Rakieta, Poljot, Wostock, Slava itp.)<\/p>\n<p><strong>Naprawa zegarka mechanicznego z naci\u0105giem automatycznym kalendarzem\u00a0 \u00a0<\/strong> (Rakieta, Poljot, Wostock, Slava itp.)<\/p>\n<\/td>\n<td width=\"192\">\n<p><strong>Od 120z\u0142 do 250z\u0142<\/strong><\/p>\n<p><strong><br \/>Od 140z\u0142 do 300z\u0142<\/strong><\/p>\n<p><strong><br \/>Od 140z\u0142 do 400z\u0142<\/strong><\/p>\n<p><strong><br \/>Od 180z\u0142 do 300z\u0142<\/strong><\/p>\n<p><strong>Od 180z\u0142 do 250z\u0142<\/strong><\/p>\n<\/td>\n<\/tr>\n<tr>\n<td width=\"25\">\n<p>18<\/p>\n<\/td>\n<td width=\"527\">\n<p><strong>Naprawa zegarka mechanicznego &#8211;\u00a0 KLASA II<\/strong><br \/><strong>nakr\u0119cany r\u0119cznie<\/strong> (Atlantic, Delbana, Pallas, Doxa, Adriatca, Glashutte, Lanco itp.)<br \/><strong>Naprawa zegarka mechanicznego z datownikiem \/ multidata<\/strong><br \/><strong>nakr\u0119cany r\u0119cznie z datownikiem<\/strong> (Atlantic, Delbana, Pallas, Doxa, Adriatca, Glashutte, Lanco itp.)<\/p>\n<p><strong>Naprawa zegarka mechanicznego z naci\u0105giem automatycznym.<\/strong><br \/><strong>\u00a0naci\u0105giem wahad\u0142owym<\/strong> \/ data( Orient, Seiko, Citizen, Glashutte, )<\/p>\n<\/td>\n<td width=\"192\">\n<p><strong>Od 180z\u0142 do 450z\u0142<\/strong><\/p>\n<p><strong>\u00a0<\/strong><\/p>\n<p><strong>Od 180z\u0142 do 500z\u0142<\/strong><\/p>\n<p><strong>Od 250z\u0142 do 600z\u0142<\/strong><\/p>\n<\/td>\n<\/tr>\n<tr>\n<td width=\"25\">\n<p>19<\/p>\n<\/td>\n<td width=\"527\">\n<p><strong>Naprawa zegarka mechanicznego &#8211;\u00a0 KLASA III<\/strong><br \/><strong>nakr\u0119cany r\u0119cznie \/ automatyczny naci\u0105g<\/strong> (Omega, Longines, Zenith, Rolex, Schafhausen, Patek Philip itp.)<\/p>\n<\/td>\n<td width=\"192\">\n<p><strong>Od 350z\u0142*<br \/><\/strong><strong>cena do uzgodnienia z klientem<\/strong><\/p>\n<\/td>\n<\/tr>\n<tr>\n<td width=\"25\">\n<p>20<\/p>\n<\/td>\n<td width=\"527\">\n<p><strong>Dorobienie n\u00f3\u017cek tarczy w zegarku mechanicznym<\/strong> <br \/>Doliczane do\u00a0 naprawy gruntownej<\/p>\n<\/td>\n<td width=\"192\">\n<p><strong>Od 30 do 150z\u0142<\/strong><\/p>\n<\/td>\n<\/tr>\n<tr>\n<td width=\"25\">\n<p>21<\/p>\n<\/td>\n<td width=\"527\">\n<p><strong>Naprawa budzika mechanicznego<\/strong><br \/>w zale\u017cno\u015bci od stopnia zu\u017cycia \u2013 \u0142o\u017cysk k\u00f3\u0142<\/p>\n<\/td>\n<td width=\"192\">\n<p><strong>Od 100z\u0142 do 150z\u0142<\/strong><\/p>\n<\/td>\n<\/tr>\n<\/tbody>\n<\/table>\n\n\n<p class=\"has-text-align-center\">Przedstawiona oferta cenowa ma charakter informacyjny i nie stanowi oferty handlowej w rozumieniu Art.66 par.1 Kodeksu Cywilnego.<br>Ka\u017cdy zegarek jest wyceniany indywidualnie w zale\u017cno\u015bci od stanu mechanizmu oraz dost\u0119pno\u015bci cz\u0119\u015bci.<\/p>\n\n\n\n<p><\/p>\n","protected":false},"excerpt":{"rendered":"<p>1 Wymiana baterii w zegarku lub akumulator\/kondensatorw zale\u017cno\u015bci od typu baterii oraz mocowania dekla Od 20z\u0142 do 200z\u0142 2 Wymiana szk\u0142a mineralnego grubo\u015b\u0107 1.0 standardw zale\u017cno\u015bci od kszta\u0142tu rozmiaru i grubo\u015bci Od 30z\u0142 do 50z\u0142 3 Wymiana szk\u0142a mineralnego grubo\u015b\u0107 1.5 &#8211; 2.0 Od 35z\u0142 do 150z\u0142 4 Wymiana szk\u0142a mineralnego grubo\u015b\u0107 2.5 &#8211; 3.5 [&hellip;]<\/p>\n","protected":false},"author":1,"featured_media":0,"parent":0,"menu_order":0,"comment_status":"closed","ping_status":"closed","template":"","meta":{"footnotes":""},"class_list":["post-37","page","type-page","status-publish","czr-hentry"],"_links":{"self":[{"href":"https:\/\/kwadrans.szczecin.pl\/index.php?rest_route=\/wp\/v2\/pages\/37"}],"collection":[{"href":"https:\/\/kwadrans.szczecin.pl\/index.php?rest_route=\/wp\/v2\/pages"}],"about":[{"href":"https:\/\/kwadrans.szczecin.pl\/index.php?rest_route=\/wp\/v2\/types\/page"}],"author":[{"embeddable":true,"href":"https:\/\/kwadrans.szczecin.pl\/index.php?rest_route=\/wp\/v2\/users\/1"}],"replies":[{"embeddable":true,"href":"https:\/\/kwadrans.szczecin.pl\/index.php?rest_route=%2Fwp%2Fv2%2Fcomments&post=37"}],"version-history":[{"count":8,"href":"https:\/\/kwadrans.szczecin.pl\/index.php?rest_route=\/wp\/v2\/pages\/37\/revisions"}],"predecessor-version":[{"id":469,"href":"https:\/\/kwadrans.szczecin.pl\/index.php?rest_route=\/wp\/v2\/pages\/37\/revisions\/469"}],"wp:attachment":[{"href":"https:\/\/kwadrans.szczecin.pl\/index.php?rest_route=%2Fwp%2Fv2%2Fmedia&parent=37"}],"curies":[{"name":"wp","href":"https:\/\/api.w.org\/{rel}","templated":true}]}}