{"id":35,"date":"2020-11-02T22:02:08","date_gmt":"2020-11-02T21:02:08","guid":{"rendered":"https:\/\/zegarmis.webd.pro\/?page_id=35"},"modified":"2020-11-25T23:03:45","modified_gmt":"2020-11-25T22:03:45","slug":"uslugi","status":"publish","type":"page","link":"https:\/\/kwadrans.szczecin.pl\/?page_id=35","title":{"rendered":"US\u0141UGI"},"content":{"rendered":"<p style=\"text-align: center;\"><span style=\"color: #000000;\"><strong>WYMIANY:<\/strong><\/span><\/p>\n<div class=\"wp-block-advgb-list\">\n<p style=\"text-align: center;\">&#8211; Baterii w zegarkach, glukometrach, pilotach samochodowych i innym sprz\u0119cie<br \/>&#8211;\u00a0 Szkie\u0142, teleskop\u00f3w, zapi\u0119\u0107\u00a0<br \/>&#8211; Koronek, wa\u0142k\u00f3w naci\u0105gowych i nastawczych<br \/>&#8211; Pask\u00f3w \u2013 Posiadamy du\u017cy wyb\u00f3r pask\u00f3w do zegark\u00f3w<strong><br \/><\/strong><\/p>\n<p>\u00a0<\/p>\n<\/div>\n\n\n<div class=\"wp-block-image\"><figure class=\"aligncenter size-full\"><img loading=\"lazy\" decoding=\"async\" width=\"500\" height=\"375\" src=\"https:\/\/kwadrans.szczecin.pl\/wp-content\/uploads\/2020\/11\/breitling-battery-small.jpg\" alt=\"\" class=\"wp-image-262\" srcset=\"https:\/\/kwadrans.szczecin.pl\/wp-content\/uploads\/2020\/11\/breitling-battery-small.jpg 500w, https:\/\/kwadrans.szczecin.pl\/wp-content\/uploads\/2020\/11\/breitling-battery-small-300x225.jpg 300w\" sizes=\"(max-width: 500px) 100vw, 500px\" \/><\/figure><\/div>\n\n\n<hr>\n<p style=\"text-align: center;\"><span style=\"color: #000000;\"><strong data-rich-text-format-boundary=\"true\">NAPRAWY ZEGAMISTRZOWSKIE:<\/strong><\/span><br data-rich-text-line-break=\"true\"><br data-rich-text-line-break=\"true\">&#8211; Naprawa zegark\u00f3w mechanicznych<br data-rich-text-line-break=\"true\">&#8211; Naprawa zegark\u00f3w kwarcowych<br data-rich-text-line-break=\"true\">&#8211; Naprawa budzik\u00f3w <br data-rich-text-line-break=\"true\">&#8211; Naprawa zegar\u00f3w<\/p>\n\n\n<p class=\"has-text-align-center\"><br><\/p>\n\n\n\n<figure class=\"wp-block-image size-large\"><img loading=\"lazy\" decoding=\"async\" width=\"1024\" height=\"683\" src=\"https:\/\/kwadrans.szczecin.pl\/wp-content\/uploads\/2020\/11\/Gems-and-Jewels-Watch-Servicing-1-1-1-1024x683.jpg\" alt=\"\" class=\"wp-image-110\" srcset=\"https:\/\/kwadrans.szczecin.pl\/wp-content\/uploads\/2020\/11\/Gems-and-Jewels-Watch-Servicing-1-1-1-1024x683.jpg 1024w, https:\/\/kwadrans.szczecin.pl\/wp-content\/uploads\/2020\/11\/Gems-and-Jewels-Watch-Servicing-1-1-1-300x200.jpg 300w, https:\/\/kwadrans.szczecin.pl\/wp-content\/uploads\/2020\/11\/Gems-and-Jewels-Watch-Servicing-1-1-1-768x513.jpg 768w, https:\/\/kwadrans.szczecin.pl\/wp-content\/uploads\/2020\/11\/Gems-and-Jewels-Watch-Servicing-1-1-1-1200x801.jpg 1200w, https:\/\/kwadrans.szczecin.pl\/wp-content\/uploads\/2020\/11\/Gems-and-Jewels-Watch-Servicing-1-1-1.jpg 1254w\" sizes=\"(max-width: 1024px) 100vw, 1024px\" \/><\/figure>\n\n\n<p style=\"text-align: center;\"><strong><span style=\"color: #000000;\">NAPRAWY Z\u0141OTNICZE:<\/span><br><br data-rich-text-line-break=\"true\"><\/strong>&#8211; Naprawa bi\u017cuterii z\u0142otej<br data-rich-text-line-break=\"true\">&#8211; Naprawa bi\u017cuterii srebrnej<br>&#8211; P\u00f3\u0142fabrykaty srebrne i z\u0142ote (zapi\u0119cia, bigle, zatyczki, k\u00f3\u0142eczka)<\/p>\n\n\n<p class=\"has-text-align-center\"><\/p>\n\n\n\n<figure class=\"wp-block-image size-large\"><img loading=\"lazy\" decoding=\"async\" width=\"1021\" height=\"1024\" src=\"https:\/\/kwadrans.szczecin.pl\/wp-content\/uploads\/2020\/11\/napr-bizu-1021x1024.jpg\" alt=\"\" class=\"wp-image-111\" srcset=\"https:\/\/kwadrans.szczecin.pl\/wp-content\/uploads\/2020\/11\/napr-bizu-1021x1024.jpg 1021w, https:\/\/kwadrans.szczecin.pl\/wp-content\/uploads\/2020\/11\/napr-bizu-300x300.jpg 300w, https:\/\/kwadrans.szczecin.pl\/wp-content\/uploads\/2020\/11\/napr-bizu-150x150.jpg 150w, https:\/\/kwadrans.szczecin.pl\/wp-content\/uploads\/2020\/11\/napr-bizu-768x770.jpg 768w, https:\/\/kwadrans.szczecin.pl\/wp-content\/uploads\/2020\/11\/napr-bizu-1200x1204.jpg 1200w, https:\/\/kwadrans.szczecin.pl\/wp-content\/uploads\/2020\/11\/napr-bizu.jpg 1368w\" sizes=\"(max-width: 1021px) 100vw, 1021px\" \/><\/figure>\n","protected":false},"excerpt":{"rendered":"<p>WYMIANY: &#8211; Baterii w zegarkach, glukometrach, pilotach samochodowych i innym sprz\u0119cie&#8211;\u00a0 Szkie\u0142, teleskop\u00f3w, zapi\u0119\u0107\u00a0&#8211; Koronek, wa\u0142k\u00f3w naci\u0105gowych i nastawczych&#8211; Pask\u00f3w \u2013 Posiadamy du\u017cy wyb\u00f3r pask\u00f3w do zegark\u00f3w \u00a0 NAPRAWY ZEGAMISTRZOWSKIE:&#8211; Naprawa zegark\u00f3w mechanicznych&#8211; Naprawa zegark\u00f3w kwarcowych&#8211; Naprawa budzik\u00f3w &#8211; Naprawa zegar\u00f3w NAPRAWY Z\u0141OTNICZE:&#8211; Naprawa bi\u017cuterii z\u0142otej&#8211; Naprawa bi\u017cuterii srebrnej&#8211; P\u00f3\u0142fabrykaty srebrne i z\u0142ote (zapi\u0119cia, bigle, [&hellip;]<\/p>\n","protected":false},"author":1,"featured_media":0,"parent":267,"menu_order":0,"comment_status":"closed","ping_status":"closed","template":"","meta":{"footnotes":""},"class_list":["post-35","page","type-page","status-publish","czr-hentry"],"_links":{"self":[{"href":"https:\/\/kwadrans.szczecin.pl\/index.php?rest_route=\/wp\/v2\/pages\/35"}],"collection":[{"href":"https:\/\/kwadrans.szczecin.pl\/index.php?rest_route=\/wp\/v2\/pages"}],"about":[{"href":"https:\/\/kwadrans.szczecin.pl\/index.php?rest_route=\/wp\/v2\/types\/page"}],"author":[{"embeddable":true,"href":"https:\/\/kwadrans.szczecin.pl\/index.php?rest_route=\/wp\/v2\/users\/1"}],"replies":[{"embeddable":true,"href":"https:\/\/kwadrans.szczecin.pl\/index.php?rest_route=%2Fwp%2Fv2%2Fcomments&post=35"}],"version-history":[{"count":17,"href":"https:\/\/kwadrans.szczecin.pl\/index.php?rest_route=\/wp\/v2\/pages\/35\/revisions"}],"predecessor-version":[{"id":304,"href":"https:\/\/kwadrans.szczecin.pl\/index.php?rest_route=\/wp\/v2\/pages\/35\/revisions\/304"}],"up":[{"embeddable":true,"href":"https:\/\/kwadrans.szczecin.pl\/index.php?rest_route=\/wp\/v2\/pages\/267"}],"wp:attachment":[{"href":"https:\/\/kwadrans.szczecin.pl\/index.php?rest_route=%2Fwp%2Fv2%2Fmedia&parent=35"}],"curies":[{"name":"wp","href":"https:\/\/api.w.org\/{rel}","templated":true}]}}